{"id":101,"date":"2023-01-17T08:43:04","date_gmt":"2023-01-17T07:43:04","guid":{"rendered":"http:\/\/vrzpemgvb.cyon.link\/?page_id=101"},"modified":"2024-05-24T13:37:54","modified_gmt":"2024-05-24T11:37:54","slug":"verein","status":"publish","type":"page","link":"https:\/\/aul-be.ch\/index.php\/verein\/","title":{"rendered":"Verein"},"content":{"rendered":"\n\n\n\n<h2>DER VEREIN AUL<\/h2>\n<p style=\"color: rgb(0, 0, 0); font-family: &quot;Open Sans&quot;, sans-serif, google; font-size: 15px; background-color: rgb(255, 255, 255);\"><span style=\"font-weight: 700;\">Der Verein hat den Zweck, Menschen im b\u00e4uerlichen Umfeld in Krisen und schwierigen Situationen zu begleiten und zu unterst\u00fctzen. Hierzu f\u00fchrt der Verein eine Anlaufstelle. Die Mitarbeitenden h\u00f6ren zu, helfen Probleme zu strukturieren und unterst\u00fctzen in einer pers\u00f6nlichen Art und vor dem Hintergrund ihrer Erfahrungen.<\/span><\/p><p style=\"color: rgb(0, 0, 0); font-family: &quot;Open Sans&quot;, sans-serif, google; font-size: 15px; background-color: rgb(255, 255, 255);\">&nbsp;<\/p><p style=\"color: rgb(0, 0, 0); font-family: &quot;Open Sans&quot;, sans-serif, google; font-size: 15px; background-color: rgb(255, 255, 255);\">Der Verein verfolgt keine kommerziellen Zwecke und strebt keinen Gewinn an. Zudem ist er parteipolitisch und konfessionell unabh\u00e4ngig. Er \u00fcbernimmt keine Haftung.<\/p><p style=\"color: rgb(0, 0, 0); font-family: &quot;Open Sans&quot;, sans-serif, google; font-size: 15px; background-color: rgb(255, 255, 255);\">&nbsp;<\/p><p style=\"color: rgb(0, 0, 0); font-family: &quot;Open Sans&quot;, sans-serif, google; font-size: 15px; background-color: rgb(255, 255, 255);\"><span style=\"font-weight: 700;\">Die Tr\u00e4gerschaft wird vertreten durch die Delegierten:<\/span><\/p>\n\nOekonomische Gemeinn\u00fctzige Gesellschaft (OGG)\nVerband Bernischer Landfrauenvereine (VBL)\nINFORAMA\nB\u00e4uerliches Sorgentelefon\nLandwirtschaftliche Betriebs- und Familienhilfe Kanton Bern (LBF)\nSchweizerische Reformierte Arbeitsgemeinschaft Kirche und Landwirtschaft (srakla)\nBerner Bauern Verband (BEBV)\nReformierte Kirchen Bern-Solothurn-Jura\n\n<p style=\"color: rgb(0, 0, 0); font-family: &quot;Open Sans&quot;, sans-serif, google; font-size: 15px; background-color: rgb(255, 255, 255);\"><span style=\"font-weight: 700;\">Der Vorstand<\/span><\/p><p style=\"color: rgb(0, 0, 0); font-family: &quot;Open Sans&quot;, sans-serif, google; font-size: 15px; background-color: rgb(255, 255, 255);\">Pr\u00e4sidentin:&nbsp;Barbara L\u00fcthi-Kohler&nbsp;(BEBV)<\/p><p style=\"color: rgb(0, 0, 0); font-family: &quot;Open Sans&quot;, sans-serif, google; font-size: 15px; background-color: rgb(255, 255, 255);\">Vorstandsmitglied: Renate Hurni (Inforama)<br>Vorstandsmitglied: Barbara Kunz (OGG, VBL)<br>Vorstandsmitglied: Andri Kober (B\u00e4uerliches Sorgentelefon, SRAKLA)<br>Vorstandsmitglied: Armin Kunz<br>Kontaktperson:&nbsp;Christian Huber<br>\u00ad<\/p>\n\n<p style=\"color: rgb(0, 0, 0); font-family: &quot;Open Sans&quot;, sans-serif, google; font-size: 15px; background-color: rgb(255, 255, 255);\"><span style=\"font-weight: 700;\">M\u00f6chten Sie unsere Bem\u00fchungen unterst\u00fctzen?<\/span><\/p><p style=\"color: rgb(0, 0, 0); font-family: &quot;Open Sans&quot;, sans-serif, google; font-size: 15px; background-color: rgb(255, 255, 255);\">Spendenkonto:<\/p><p style=\"color: rgb(0, 0, 0); font-family: &quot;Open Sans&quot;, sans-serif, google; font-size: 15px; background-color: rgb(255, 255, 255);\">Anlaufstelle \u00dcberlastung Landwirtschaft (AUL)<\/p><p style=\"color: rgb(0, 0, 0); font-family: &quot;Open Sans&quot;, sans-serif, google; font-size: 15px; background-color: rgb(255, 255, 255);\">3000 Bern<\/p><p style=\"color: rgb(0, 0, 0); font-family: &quot;Open Sans&quot;, sans-serif, google; font-size: 15px; background-color: rgb(255, 255, 255);\">IBAN: CH17 0630 0504 7446 6467 8<\/p><p style=\"color: rgb(0, 0, 0); font-family: &quot;Open Sans&quot;, sans-serif, google; font-size: 15px; background-color: rgb(255, 255, 255);\">oder via Twint<\/p>\n\n\n\n\n","protected":false},"excerpt":{"rendered":"","protected":false},"author":2,"featured_media":0,"parent":0,"menu_order":0,"comment_status":"closed","ping_status":"closed","template":"","meta":{"_seopress_robots_primary_cat":"","_seopress_titles_title":"","_seopress_titles_desc":"","_seopress_robots_index":"","pagelayer_contact_templates":[],"_pagelayer_content":"","footnotes":""},"class_list":["post-101","page","type-page","status-publish","hentry"],"_links":{"self":[{"href":"https:\/\/aul-be.ch\/index.php\/wp-json\/wp\/v2\/pages\/101","targetHints":{"allow":["GET"]}}],"collection":[{"href":"https:\/\/aul-be.ch\/index.php\/wp-json\/wp\/v2\/pages"}],"about":[{"href":"https:\/\/aul-be.ch\/index.php\/wp-json\/wp\/v2\/types\/page"}],"author":[{"embeddable":true,"href":"https:\/\/aul-be.ch\/index.php\/wp-json\/wp\/v2\/users\/2"}],"replies":[{"embeddable":true,"href":"https:\/\/aul-be.ch\/index.php\/wp-json\/wp\/v2\/comments?post=101"}],"version-history":[{"count":5,"href":"https:\/\/aul-be.ch\/index.php\/wp-json\/wp\/v2\/pages\/101\/revisions"}],"predecessor-version":[{"id":267,"href":"https:\/\/aul-be.ch\/index.php\/wp-json\/wp\/v2\/pages\/101\/revisions\/267"}],"wp:attachment":[{"href":"https:\/\/aul-be.ch\/index.php\/wp-json\/wp\/v2\/media?parent=101"}],"curies":[{"name":"wp","href":"https:\/\/api.w.org\/{rel}","templated":true}]}}